{"id":1342,"date":"2026-04-30T01:33:49","date_gmt":"2026-04-30T01:33:49","guid":{"rendered":"https:\/\/www.feuerlepuighouse.org\/?page_id=1342"},"modified":"2026-05-05T21:12:35","modified_gmt":"2026-05-05T21:12:35","slug":"imprint","status":"publish","type":"page","link":"https:\/\/www.feuerlepuighouse.org\/?page_id=1342","title":{"rendered":"Imprint"},"content":{"rendered":"\t\t<div data-elementor-type=\"wp-post\" data-elementor-id=\"1342\" class=\"elementor elementor-1342\" data-elementor-post-type=\"page\">\n\t\t\t\t<div class=\"elementor-element elementor-element-0132ab7 elementor-hidden-mobile e-flex e-con-boxed e-con e-parent\" data-id=\"0132ab7\" data-element_type=\"container\" data-e-type=\"container\">\n\t\t\t\t\t<div class=\"e-con-inner\">\n\t\t\t\t\t\t\t<h1 \n\t\tdata-interaction-id=\"780172b\" \n\t\tclass=\"e-780172b-e58f7fb e-heading-base\" \n\t\t \n\t\tdata-e-type=\"widget\" data-id=\"780172b\"\n\t>\n\t\n\t\t\tImprint\n\t\t<\/h1>\n\t\t\t\t\t<\/div>\n\t\t\t\t<\/div>\n\t\t<div class=\"elementor-element elementor-element-34dee6c elementor-hidden-desktop elementor-hidden-tablet e-flex e-con-boxed e-con e-parent\" data-id=\"34dee6c\" data-element_type=\"container\" data-e-type=\"container\">\n\t\t\t\t\t<div class=\"e-con-inner\">\n\t\t\t\t\t\t\t<h1 \n\t\tdata-interaction-id=\"f537f76\" \n\t\tclass=\"e-f537f76-27fd650 e-heading-base\" \n\t\t \n\t\tdata-e-type=\"widget\" data-id=\"f537f76\"\n\t>\n\t\n\t\t\tImprint\n\t\t<\/h1>\n\t\t\t\t\t<\/div>\n\t\t\t\t<\/div>\n\t\t<div class=\"elementor-element elementor-element-62912ab e-flex e-con-boxed e-con e-parent\" data-id=\"62912ab\" data-element_type=\"container\" data-e-type=\"container\">\n\t\t\t\t\t<div class=\"e-con-inner\">\n\t\t\t\t<div class=\"elementor-element elementor-element-e273efc elementor-widget elementor-widget-heading\" data-id=\"e273efc\" data-element_type=\"widget\" data-e-type=\"widget\" data-widget_type=\"heading.default\">\n\t\t\t\t\t<h2 class=\"elementor-heading-title elementor-size-default\">Impressum Oso Investments SL<br>Angaben gem\u00e4\u00df \u00a7 5 TMG<\/h2>\t\t\t\t<\/div>\n\t\t\t\t<div class=\"elementor-element elementor-element-de34f41 elementor-widget elementor-widget-text-editor\" data-id=\"de34f41\" data-element_type=\"widget\" data-e-type=\"widget\" data-widget_type=\"text-editor.default\">\n\t\t\t\t\t\t\t\t\t<p>The Sara Puig Institute for the Arts<br \/>Oso Investments SL<br \/>Hallesches Ufer 70<br \/>10963 Berlin<br \/>Telefon: +49 30 25792320<br \/>Email: dm@thefeuerlecollection.org<\/p><p>Die Oso Investments SL (Sociedad Limitada) ist eine spanische Gesellschaft mit beschr\u00e4nkter Haftung. Eingetragener Firmensitz der Gesellschaft ist: Entenza 325, 08029 Barcelona, Spanien.<br \/>Gesch\u00e4ftsf\u00fchrerin: Sara Puig<br \/>Registereintrag:<br \/>Eintragung im Handelsregister Registergericht: Barcelona Registernummer: B-399727 457604<br \/>Umsatzsteuernummer gem\u00e4\u00df \u00a727 a Umsatzsteuergesetz:<br \/>Ust-Id: DE277178879<\/p>\t\t\t\t\t\t\t\t<\/div>\n\t\t\t\t<div class=\"elementor-element elementor-element-fbdc332 elementor-widget elementor-widget-spacer\" data-id=\"fbdc332\" data-element_type=\"widget\" data-e-type=\"widget\" data-widget_type=\"spacer.default\">\n\t\t\t\t\t\t\t<div class=\"elementor-spacer\">\n\t\t\t<div class=\"elementor-spacer-inner\"><\/div>\n\t\t<\/div>\n\t\t\t\t\t\t<\/div>\n\t\t\t\t<div class=\"elementor-element elementor-element-149ae1d elementor-widget elementor-widget-heading\" data-id=\"149ae1d\" data-element_type=\"widget\" data-e-type=\"widget\" data-widget_type=\"heading.default\">\n\t\t\t\t\t<h2 class=\"elementor-heading-title elementor-size-default\">Verantwortlich f\u00fcr den Inhalt nach \u00a7 55 Abs. 2 RStV<\/h2>\t\t\t\t<\/div>\n\t\t\t\t<div class=\"elementor-element elementor-element-fe545de elementor-widget elementor-widget-text-editor\" data-id=\"fe545de\" data-element_type=\"widget\" data-e-type=\"widget\" data-widget_type=\"text-editor.default\">\n\t\t\t\t\t\t\t\t\t<p>Daniele Maruca<br \/>Hallesches Ufer 70<br \/>10963 Berlin<\/p>\t\t\t\t\t\t\t\t<\/div>\n\t\t\t\t<div class=\"elementor-element elementor-element-214e0aa elementor-widget elementor-widget-spacer\" data-id=\"214e0aa\" data-element_type=\"widget\" data-e-type=\"widget\" data-widget_type=\"spacer.default\">\n\t\t\t\t\t\t\t<div class=\"elementor-spacer\">\n\t\t\t<div class=\"elementor-spacer-inner\"><\/div>\n\t\t<\/div>\n\t\t\t\t\t\t<\/div>\n\t\t\t\t<div class=\"elementor-element elementor-element-da5021d elementor-widget elementor-widget-heading\" data-id=\"da5021d\" data-element_type=\"widget\" data-e-type=\"widget\" data-widget_type=\"heading.default\">\n\t\t\t\t\t<h2 class=\"elementor-heading-title elementor-size-default\">Online-Streitbeilegung und Verbraucherschlichtungsstelle<\/h2>\t\t\t\t<\/div>\n\t\t\t\t<div class=\"elementor-element elementor-element-654b669 elementor-widget elementor-widget-text-editor\" data-id=\"654b669\" data-element_type=\"widget\" data-e-type=\"widget\" data-widget_type=\"text-editor.default\">\n\t\t\t\t\t\t\t\t\t<p>Die Europ\u00e4ische Kommission bietet eine Plattform zur Online-Streitbeilegung an, die hier zu finden ist. Die Oso Investments SL ist weder bereit noch verpflichtet, an Streitbeilegungsverfahren vor Verbraucherschlichtungsstellen teilzunehmen.<\/p>\t\t\t\t\t\t\t\t<\/div>\n\t\t\t\t\t<\/div>\n\t\t\t\t<\/div>\n\t\t\t\t<\/div>\n\t\t","protected":false},"excerpt":{"rendered":"<p>Imprint Imprint Impressum Oso Investments SLAngaben gem\u00e4\u00df \u00a7 5 TMG The Sara Puig Institute for the ArtsOso Investments SLHallesches Ufer 7010963 BerlinTelefon: +49 30 25792320Email: dm@thefeuerlecollection.org Die Oso Investments SL (Sociedad Limitada) ist eine spanische Gesellschaft mit beschr\u00e4nkter Haftung. Eingetragener Firmensitz der Gesellschaft ist: Entenza 325, 08029 Barcelona, Spanien.Gesch\u00e4ftsf\u00fchrerin: Sara PuigRegistereintrag:Eintragung im Handelsregister Registergericht: Barcelona [&hellip;]<\/p>\n","protected":false},"author":3,"featured_media":0,"parent":0,"menu_order":5,"comment_status":"closed","ping_status":"closed","template":"","meta":{"_acf_changed":false,"footnotes":""},"class_list":["post-1342","page","type-page","status-publish","hentry"],"acf":[],"yoast_head":"<!-- This site is optimized with the Yoast SEO plugin v27.5 - https:\/\/yoast.com\/product\/yoast-seo-wordpress\/ -->\n<title>Imprint - Feuerle Puig House \u2013 The Feuerle Collection<\/title>\n<meta name=\"robots\" content=\"index, follow, max-snippet:-1, max-image-preview:large, max-video-preview:-1\" \/>\n<link rel=\"canonical\" href=\"https:\/\/www.feuerlepuighouse.org\/?page_id=1342\" \/>\n<meta property=\"og:locale\" content=\"en_US\" \/>\n<meta property=\"og:type\" content=\"article\" \/>\n<meta property=\"og:title\" content=\"Imprint - Feuerle Puig House \u2013 The Feuerle Collection\" \/>\n<meta property=\"og:description\" content=\"Imprint Imprint Impressum Oso Investments SLAngaben gem\u00e4\u00df \u00a7 5 TMG The Sara Puig Institute for the ArtsOso Investments SLHallesches Ufer 7010963 BerlinTelefon: +49 30 25792320Email: dm@thefeuerlecollection.org Die Oso Investments SL (Sociedad Limitada) ist eine spanische Gesellschaft mit beschr\u00e4nkter Haftung. Eingetragener Firmensitz der Gesellschaft ist: Entenza 325, 08029 Barcelona, Spanien.Gesch\u00e4ftsf\u00fchrerin: Sara PuigRegistereintrag:Eintragung im Handelsregister Registergericht: Barcelona [&hellip;]\" \/>\n<meta property=\"og:url\" content=\"https:\/\/www.feuerlepuighouse.org\/?page_id=1342\" \/>\n<meta property=\"og:site_name\" content=\"Feuerle Puig House \u2013 The Feuerle Collection\" \/>\n<meta property=\"article:modified_time\" content=\"2026-05-05T21:12:35+00:00\" \/>\n<meta name=\"twitter:card\" content=\"summary_large_image\" \/>\n<meta name=\"twitter:label1\" content=\"Est. reading time\" \/>\n\t<meta name=\"twitter:data1\" content=\"1 minute\" \/>\n<script type=\"application\/ld+json\" class=\"yoast-schema-graph\">{\"@context\":\"https:\\\/\\\/schema.org\",\"@graph\":[{\"@type\":\"WebPage\",\"@id\":\"https:\\\/\\\/www.feuerlepuighouse.org\\\/?page_id=1342\",\"url\":\"https:\\\/\\\/www.feuerlepuighouse.org\\\/?page_id=1342\",\"name\":\"Imprint - Feuerle Puig House \u2013 The Feuerle Collection\",\"isPartOf\":{\"@id\":\"https:\\\/\\\/www.feuerlepuighouse.org\\\/#website\"},\"datePublished\":\"2026-04-30T01:33:49+00:00\",\"dateModified\":\"2026-05-05T21:12:35+00:00\",\"breadcrumb\":{\"@id\":\"https:\\\/\\\/www.feuerlepuighouse.org\\\/?page_id=1342#breadcrumb\"},\"inLanguage\":\"en-US\",\"potentialAction\":[{\"@type\":\"ReadAction\",\"target\":[\"https:\\\/\\\/www.feuerlepuighouse.org\\\/?page_id=1342\"]}]},{\"@type\":\"BreadcrumbList\",\"@id\":\"https:\\\/\\\/www.feuerlepuighouse.org\\\/?page_id=1342#breadcrumb\",\"itemListElement\":[{\"@type\":\"ListItem\",\"position\":1,\"name\":\"Home\",\"item\":\"https:\\\/\\\/www.feuerlepuighouse.org\\\/\"},{\"@type\":\"ListItem\",\"position\":2,\"name\":\"Imprint\"}]},{\"@type\":\"WebSite\",\"@id\":\"https:\\\/\\\/www.feuerlepuighouse.org\\\/#website\",\"url\":\"https:\\\/\\\/www.feuerlepuighouse.org\\\/\",\"name\":\"Feuerle Puig House \u2013 The Feuerle Collection\",\"description\":\"The Feuerle Collection is a non-profit art intitution in Berlin, founded in 2016 by D\u00e9sir\u00e9 Feuerle and Sara Puig. Set in a renovated WWII bunker by John Pawson, it presents Imperial Chinese furniture and Khmer sculptures alongside contemporary art in a unique, immersive architectural space.\",\"publisher\":{\"@id\":\"https:\\\/\\\/www.feuerlepuighouse.org\\\/#organization\"},\"potentialAction\":[{\"@type\":\"SearchAction\",\"target\":{\"@type\":\"EntryPoint\",\"urlTemplate\":\"https:\\\/\\\/www.feuerlepuighouse.org\\\/?s={search_term_string}\"},\"query-input\":{\"@type\":\"PropertyValueSpecification\",\"valueRequired\":true,\"valueName\":\"search_term_string\"}}],\"inLanguage\":\"en-US\"},{\"@type\":\"Organization\",\"@id\":\"https:\\\/\\\/www.feuerlepuighouse.org\\\/#organization\",\"name\":\"Feuerle Puig House \u2013 The Feuerle Collection\",\"url\":\"https:\\\/\\\/www.feuerlepuighouse.org\\\/\",\"logo\":{\"@type\":\"ImageObject\",\"inLanguage\":\"en-US\",\"@id\":\"https:\\\/\\\/www.feuerlepuighouse.org\\\/#\\\/schema\\\/logo\\\/image\\\/\",\"url\":\"https:\\\/\\\/www.feuerlepuighouse.org\\\/wp-content\\\/uploads\\\/2026\\\/03\\\/GREY_FEUERLE-PUIG-HOUSE-and-COLLECTION-LOGO-with-RGB-RED.svg\",\"contentUrl\":\"https:\\\/\\\/www.feuerlepuighouse.org\\\/wp-content\\\/uploads\\\/2026\\\/03\\\/GREY_FEUERLE-PUIG-HOUSE-and-COLLECTION-LOGO-with-RGB-RED.svg\",\"width\":609,\"height\":157,\"caption\":\"Feuerle Puig House \u2013 The Feuerle Collection\"},\"image\":{\"@id\":\"https:\\\/\\\/www.feuerlepuighouse.org\\\/#\\\/schema\\\/logo\\\/image\\\/\"}}]}<\/script>\n<!-- \/ Yoast SEO plugin. -->","yoast_head_json":{"title":"Imprint - Feuerle Puig House \u2013 The Feuerle Collection","robots":{"index":"index","follow":"follow","max-snippet":"max-snippet:-1","max-image-preview":"max-image-preview:large","max-video-preview":"max-video-preview:-1"},"canonical":"https:\/\/www.feuerlepuighouse.org\/?page_id=1342","og_locale":"en_US","og_type":"article","og_title":"Imprint - Feuerle Puig House \u2013 The Feuerle Collection","og_description":"Imprint Imprint Impressum Oso Investments SLAngaben gem\u00e4\u00df \u00a7 5 TMG The Sara Puig Institute for the ArtsOso Investments SLHallesches Ufer 7010963 BerlinTelefon: +49 30 25792320Email: dm@thefeuerlecollection.org Die Oso Investments SL (Sociedad Limitada) ist eine spanische Gesellschaft mit beschr\u00e4nkter Haftung. Eingetragener Firmensitz der Gesellschaft ist: Entenza 325, 08029 Barcelona, Spanien.Gesch\u00e4ftsf\u00fchrerin: Sara PuigRegistereintrag:Eintragung im Handelsregister Registergericht: Barcelona [&hellip;]","og_url":"https:\/\/www.feuerlepuighouse.org\/?page_id=1342","og_site_name":"Feuerle Puig House \u2013 The Feuerle Collection","article_modified_time":"2026-05-05T21:12:35+00:00","twitter_card":"summary_large_image","twitter_misc":{"Est. reading time":"1 minute"},"schema":{"@context":"https:\/\/schema.org","@graph":[{"@type":"WebPage","@id":"https:\/\/www.feuerlepuighouse.org\/?page_id=1342","url":"https:\/\/www.feuerlepuighouse.org\/?page_id=1342","name":"Imprint - Feuerle Puig House \u2013 The Feuerle Collection","isPartOf":{"@id":"https:\/\/www.feuerlepuighouse.org\/#website"},"datePublished":"2026-04-30T01:33:49+00:00","dateModified":"2026-05-05T21:12:35+00:00","breadcrumb":{"@id":"https:\/\/www.feuerlepuighouse.org\/?page_id=1342#breadcrumb"},"inLanguage":"en-US","potentialAction":[{"@type":"ReadAction","target":["https:\/\/www.feuerlepuighouse.org\/?page_id=1342"]}]},{"@type":"BreadcrumbList","@id":"https:\/\/www.feuerlepuighouse.org\/?page_id=1342#breadcrumb","itemListElement":[{"@type":"ListItem","position":1,"name":"Home","item":"https:\/\/www.feuerlepuighouse.org\/"},{"@type":"ListItem","position":2,"name":"Imprint"}]},{"@type":"WebSite","@id":"https:\/\/www.feuerlepuighouse.org\/#website","url":"https:\/\/www.feuerlepuighouse.org\/","name":"Feuerle Puig House \u2013 The Feuerle Collection","description":"The Feuerle Collection is a non-profit art intitution in Berlin, founded in 2016 by D\u00e9sir\u00e9 Feuerle and Sara Puig. Set in a renovated WWII bunker by John Pawson, it presents Imperial Chinese furniture and Khmer sculptures alongside contemporary art in a unique, immersive architectural space.","publisher":{"@id":"https:\/\/www.feuerlepuighouse.org\/#organization"},"potentialAction":[{"@type":"SearchAction","target":{"@type":"EntryPoint","urlTemplate":"https:\/\/www.feuerlepuighouse.org\/?s={search_term_string}"},"query-input":{"@type":"PropertyValueSpecification","valueRequired":true,"valueName":"search_term_string"}}],"inLanguage":"en-US"},{"@type":"Organization","@id":"https:\/\/www.feuerlepuighouse.org\/#organization","name":"Feuerle Puig House \u2013 The Feuerle Collection","url":"https:\/\/www.feuerlepuighouse.org\/","logo":{"@type":"ImageObject","inLanguage":"en-US","@id":"https:\/\/www.feuerlepuighouse.org\/#\/schema\/logo\/image\/","url":"https:\/\/www.feuerlepuighouse.org\/wp-content\/uploads\/2026\/03\/GREY_FEUERLE-PUIG-HOUSE-and-COLLECTION-LOGO-with-RGB-RED.svg","contentUrl":"https:\/\/www.feuerlepuighouse.org\/wp-content\/uploads\/2026\/03\/GREY_FEUERLE-PUIG-HOUSE-and-COLLECTION-LOGO-with-RGB-RED.svg","width":609,"height":157,"caption":"Feuerle Puig House \u2013 The Feuerle Collection"},"image":{"@id":"https:\/\/www.feuerlepuighouse.org\/#\/schema\/logo\/image\/"}}]}},"_links":{"self":[{"href":"https:\/\/www.feuerlepuighouse.org\/index.php?rest_route=\/wp\/v2\/pages\/1342","targetHints":{"allow":["GET"]}}],"collection":[{"href":"https:\/\/www.feuerlepuighouse.org\/index.php?rest_route=\/wp\/v2\/pages"}],"about":[{"href":"https:\/\/www.feuerlepuighouse.org\/index.php?rest_route=\/wp\/v2\/types\/page"}],"author":[{"embeddable":true,"href":"https:\/\/www.feuerlepuighouse.org\/index.php?rest_route=\/wp\/v2\/users\/3"}],"replies":[{"embeddable":true,"href":"https:\/\/www.feuerlepuighouse.org\/index.php?rest_route=%2Fwp%2Fv2%2Fcomments&post=1342"}],"version-history":[{"count":13,"href":"https:\/\/www.feuerlepuighouse.org\/index.php?rest_route=\/wp\/v2\/pages\/1342\/revisions"}],"predecessor-version":[{"id":1584,"href":"https:\/\/www.feuerlepuighouse.org\/index.php?rest_route=\/wp\/v2\/pages\/1342\/revisions\/1584"}],"wp:attachment":[{"href":"https:\/\/www.feuerlepuighouse.org\/index.php?rest_route=%2Fwp%2Fv2%2Fmedia&parent=1342"}],"curies":[{"name":"wp","href":"https:\/\/api.w.org\/{rel}","templated":true}]}}